{"id":1163,"date":"2025-03-07T15:16:30","date_gmt":"2025-03-07T14:16:30","guid":{"rendered":"https:\/\/www.carrefour-de-femmes.org\/?page_id=1163"},"modified":"2025-03-07T15:58:57","modified_gmt":"2025-03-07T14:58:57","slug":"personal-development","status":"publish","type":"page","link":"https:\/\/www.carrefour-de-femmes.org\/en\/developpement-personnel\/","title":{"rendered":"Personal development"},"content":{"rendered":"<h3 class=\"wp-block-heading\">At Carrefour de Femmes, there are no taboos! Here, you can talk about whatever you want, whenever you want. <\/h3>\n\n\n\n<p>Self-confidence is something you can work on! Here, every woman can find a sympathetic, non-judgemental place to talk freely about the issues that are important to her. <\/p>\n\n\n\n<p>An attentive team is on hand to provide support and guidance for those who need it. <strong>Workshops can also be organised, with simple exercises and\/or games that are accessible to everyone,<\/strong> to learn how to assert yourself and make the most of yourself!<\/p>\n\n\n\n<div class=\"wp-block-uagb-image uagb-block-3cb80e9c wp-block-uagb-image--layout-default wp-block-uagb-image--effect-static wp-block-uagb-image--align-none\"><figure class=\"wp-block-uagb-image__figure\"><img decoding=\"async\" srcset=\"https:\/\/www.carrefour-de-femmes.org\/app\/uploads\/2025\/03\/jeunne-fille-1-1024x577.png ,https:\/\/www.carrefour-de-femmes.org\/app\/uploads\/2025\/03\/jeunne-fille-1.png 780w, https:\/\/www.carrefour-de-femmes.org\/app\/uploads\/2025\/03\/jeunne-fille-1.png 360w\" sizes=\"auto, (max-width: 480px) 150px\" src=\"https:\/\/www.carrefour-de-femmes.org\/app\/uploads\/2025\/03\/jeunne-fille-1-1024x577.png\" alt=\"\" class=\"uag-image-1165\" width=\"474\" height=\"266\" title=\"young girl\" loading=\"lazy\" role=\"img\"\/><\/figure><\/div>\n\n\n\n<h2 class=\"wp-block-heading\">Our little extras<\/h2>\n\n\n\n<h4 class=\"wp-block-heading\">You can come to Carrefour de femmes (alone or with friends) to talk to other women who may be facing the same problems as you! If you have a project or a need, don't hesitate to tell us about it? <\/h4>\n\n\n<div class=\"color-blocks\">\n            <div class=\"color-blocks__item\"\n             style=\"--text-color: #ffffff; background-color: #d67d2f;\">\n            <p><strong>Open Wednesday to Friday non-stop from 10am to 6.30pm!<\/strong><\/p>\n\n        <\/div>\n    <\/div>\n\n\n<p><\/p>","protected":false},"excerpt":{"rendered":"<p>\u00c0 Carrefour de Femmes, pas de tabou ! Ici, aborde les sujets que tu veux, quand tu veux. La confiance en soi, \u00e7a se travaille ! Chaque femme trouvera ici un espace d\u2019\u00e9coute bienveillant, sans jugement, pour se confier librement sur les sujets qui lui tiennent \u00e0 c\u0153ur. Une \u00e9quipe attentive est l\u00e0 pour apporter [&hellip;]<\/p>\n","protected":false},"author":3,"featured_media":0,"parent":0,"menu_order":2,"comment_status":"closed","ping_status":"closed","template":"","meta":{"_acf_changed":false,"_uag_custom_page_level_css":"","footnotes":""},"class_list":["post-1163","page","type-page","status-publish","hentry"],"acf":[],"uagb_featured_image_src":{"full":false,"thumbnail":false,"medium":false,"medium_large":false,"large":false,"1536x1536":false,"2048x2048":false,"trp-custom-language-flag":false,"gform-image-choice-sm":false,"gform-image-choice-md":false,"gform-image-choice-lg":false},"uagb_author_info":{"display_name":"Sheryll Presna","author_link":"https:\/\/www.carrefour-de-femmes.org\/en\/actualites\/author\/s-presna\/"},"uagb_comment_info":0,"uagb_excerpt":"\u00c0 Carrefour de Femmes, pas de tabou ! Ici, aborde les sujets que tu veux, quand tu veux. La confiance en soi, \u00e7a se travaille ! Chaque femme trouvera ici un espace d\u2019\u00e9coute bienveillant, sans jugement, pour se confier librement sur les sujets qui lui tiennent \u00e0 c\u0153ur. Une \u00e9quipe attentive est l\u00e0 pour apporter&hellip;","_links":{"self":[{"href":"https:\/\/www.carrefour-de-femmes.org\/en\/wp-json\/wp\/v2\/pages\/1163","targetHints":{"allow":["GET"]}}],"collection":[{"href":"https:\/\/www.carrefour-de-femmes.org\/en\/wp-json\/wp\/v2\/pages"}],"about":[{"href":"https:\/\/www.carrefour-de-femmes.org\/en\/wp-json\/wp\/v2\/types\/page"}],"author":[{"embeddable":true,"href":"https:\/\/www.carrefour-de-femmes.org\/en\/wp-json\/wp\/v2\/users\/3"}],"replies":[{"embeddable":true,"href":"https:\/\/www.carrefour-de-femmes.org\/en\/wp-json\/wp\/v2\/comments?post=1163"}],"version-history":[{"count":7,"href":"https:\/\/www.carrefour-de-femmes.org\/en\/wp-json\/wp\/v2\/pages\/1163\/revisions"}],"predecessor-version":[{"id":1202,"href":"https:\/\/www.carrefour-de-femmes.org\/en\/wp-json\/wp\/v2\/pages\/1163\/revisions\/1202"}],"wp:attachment":[{"href":"https:\/\/www.carrefour-de-femmes.org\/en\/wp-json\/wp\/v2\/media?parent=1163"}],"curies":[{"name":"wp","href":"https:\/\/api.w.org\/{rel}","templated":true}]}}