{"id":12,"date":"2025-02-03T11:53:45","date_gmt":"2025-02-03T10:53:45","guid":{"rendered":"https:\/\/www.carrefour-de-femmes.org\/?page_id=12"},"modified":"2026-03-02T01:25:52","modified_gmt":"2026-03-02T00:25:52","slug":"veranstaltungen","status":"publish","type":"page","link":"https:\/\/www.carrefour-de-femmes.org\/de\/evenements\/","title":{"rendered":"Veranstaltungen"},"content":{"rendered":"<div class=\"wp-block-uagb-container uagb-block-a97c4a75 alignfull uagb-is-root-container\"><div class=\"uagb-container-inner-blocks-wrap\">    <div class=\"event-list event-list--archive\">\n    <div class=\"event-list__archive-list\">\n                        <section class=\"event-list__container\">\n                <h2 class=\"event-list__title-date\"><strong>April<\/strong> 2026<\/h2>\n                <ul class=\"event-list__list\">\n                                                                                                                                                                    <li class=\"event-list__item\">\n                            <a href=\"https:\/\/www.carrefour-de-femmes.org\/de\/evenements\/causerie-sur-le-theme-des-discriminations\/\" class=\"event-list__link\"\n                               aria-label=\"Se rendre sur l'\u00e9v\u00e9n\u00e9ment : Causerie sur le th\u00e8me des discriminations\">\n                                <div class=\"event-card\" style=\"--svg-color: #CC553B;\">\n    <div class=\"event-card__column\">\n        <div class=\"\">\n            <div class=\"event-card__date\" aria-label=\"Datum der Veranstaltung\">\n                <p>Dienstag<\/p>\n                <p>28 Apr.<\/p>\n                <p>2026<\/p>\n            <\/div>\n            <svg xmlns=\"http:\/\/www.w3.org\/2000\/svg\" width=\"248\" height=\"155\" viewbox=\"0 0 248 155\" fill=\"none\">\n                <rect x=\"176.828\" y=\"1.75159\" width=\"71.1749\" height=\"152.373\" fill=\"#CC553B\"\/>\n                <path d=\"M233.726 10.1645C234.192 10.7208 234.425 14.8236 235.206 15.7275C238.411 19.5521 241.918 22.6118 245.164 26.2973L245.164 36.2167L248 45.5942L245.164 59.328L247.945 62.9788C246.301 70.0022 247.466 76.3301 247.37 83.0754C247.329 85.4744 245.945 88.1864 245.89 90.4464C245.548 105.78 248.507 138.323 240.096 143.539C212.288 160.784 161.215 151.707 131.229 151.916C100.09 153.572 79.5353 150.959 48.9327 149.707C40.4533 149.36 16.2201 155.047 10.4257 147.503C5.30239 140.827 0.439392 118.401 0.0284349 104.076C-0.286632 93.0193 2.11062 83.3882 2.57637 72.8184C4.02842 39.4053 -0.218139 7.79028 17.2475 2.54015C40.5919 -0.45668 81.1839 6.72029 97.3094 2.54015C119.552 0.647478 185.083 -0.783719 224 5.19251C227.562 5.74881 230.452 6.23549 233.74 10.0949L233.726 10.1645Z\"\n                      fill=\"#CC553B\"\/>\n            <\/svg>\n        <\/div>\n        <div class=\"\">\n            <h3 class=\"event-card__title\"\n                aria-label=\"Titel der Veranstaltung\">Schw\u00e4tzchen zum Thema Diskriminierung<\/h3>\n                            <p class=\"event-card__schedule\" aria-label=\"Auszug aus der Veranstaltung\">\n                                            Um 14:00 Uhr\n                                    <\/p>\n                        <p class=\"event-card__excerpt\"\n               aria-label=\"Auszug aus der Veranstaltung\">Kommen Sie und tauschen Sie sich \u00fcber aktuelle Themen aus und nehmen Sie an einem partizipativen Workshop teil, um zu verstehen, was...<\/p>\n        <\/div>\n    <\/div>\n    <div class=\"event-card__column\">\n        <div class=\"\">\n            <div class=\"event-card__date\" aria-label=\"Datum der Veranstaltung\">\n                <p>Dienstag<\/p>\n                <p>28 Apr.<\/p>\n                <p>2026<\/p>\n            <\/div>\n            <svg xmlns=\"http:\/\/www.w3.org\/2000\/svg\" width=\"164\" height=\"83\" viewbox=\"0 0 164 83\" fill=\"none\">\n                <rect x=\"116.93\" y=\"0.594971\" width=\"47.0664\" height=\"82.4051\" fill=\"#2F5597\"\/>\n                <path d=\"M154.558 5.1447C154.866 5.44556 155.02 7.66439 155.536 8.15328C157.656 10.2217 159.975 11.8764 162.122 13.8695L162.122 19.2341L163.997 24.3056L162.122 31.733L163.961 33.7074C162.874 37.5057 163.644 40.928 163.58 44.5759C163.553 45.8733 162.638 47.34 162.602 48.5622C162.375 56.8546 164.332 74.4548 158.77 77.2753C140.381 86.6019 106.608 81.6928 86.7786 81.8056C66.1871 82.7013 52.595 81.2883 32.3581 80.6114C26.7509 80.4233 10.726 83.4993 6.89425 79.4189C3.50635 75.8086 0.29056 63.6803 0.0188033 55.9332C-0.189544 49.9537 1.3957 44.7451 1.7037 39.0288C2.6639 20.9585 -0.144251 3.86071 11.4054 1.02137C26.8425 -0.59935 53.6851 3.28205 64.3485 1.02137C79.0568 -0.00221147 122.391 -0.776221 148.126 2.4558C150.481 2.75666 152.393 3.01986 154.567 5.10706L154.558 5.1447Z\"\n                      fill=\"#2F5597\"\/>\n            <\/svg>\n        <\/div>\n                                    <figure class=\"event-card__thumbnail-container\">\n            <img loading=\"lazy\" decoding=\"async\" class=\"event-card__thumbnail\" src=\"https:\/\/www.carrefour-de-femmes.org\/app\/uploads\/2025\/08\/group-women-reading-together-books-scaled.jpg\" srcset=\"https:\/\/www.carrefour-de-femmes.org\/app\/uploads\/2025\/08\/group-women-reading-together-books-scaled.jpg 2560w, https:\/\/www.carrefour-de-femmes.org\/app\/uploads\/2025\/08\/group-women-reading-together-books-300x232.jpg 300w, https:\/\/www.carrefour-de-femmes.org\/app\/uploads\/2025\/08\/group-women-reading-together-books-1024x791.jpg 1024w, https:\/\/www.carrefour-de-femmes.org\/app\/uploads\/2025\/08\/group-women-reading-together-books-768x593.jpg 768w, https:\/\/www.carrefour-de-femmes.org\/app\/uploads\/2025\/08\/group-women-reading-together-books-1536x1187.jpg 1536w, https:\/\/www.carrefour-de-femmes.org\/app\/uploads\/2025\/08\/group-women-reading-together-books-2048x1582.jpg 2048w, https:\/\/www.carrefour-de-femmes.org\/app\/uploads\/2025\/08\/group-women-reading-together-books-16x12.jpg 16w\"\n                 sizes=\"auto, (max-width: 2560px) 100vw, 2560px\" alt=\"\" width=\"2560\"\n                 height=\"1978\"\/>\n        <\/figure>\n    <\/div>\n<\/div>                            <\/a>\n                        <\/li>\n                                                                                                                                                                    <li class=\"event-list__item\">\n                            <a href=\"https:\/\/www.carrefour-de-femmes.org\/de\/evenements\/boost-ta-rentree-1-2-3-musique-karaoke\/\" class=\"event-list__link\"\n                               aria-label=\"Se rendre sur l'\u00e9v\u00e9n\u00e9ment : 1, 2, 3&#8230; Musique ! Karaok&rsquo;ELLES\">\n                                <div class=\"event-card\" style=\"--svg-color: #CC553B;\">\n    <div class=\"event-card__column\">\n        <div class=\"\">\n            <div class=\"event-card__date\" aria-label=\"Datum der Veranstaltung\">\n                <p>Dienstag<\/p>\n                <p>28 Apr.<\/p>\n                <p>2026<\/p>\n            <\/div>\n            <svg xmlns=\"http:\/\/www.w3.org\/2000\/svg\" width=\"248\" height=\"155\" viewbox=\"0 0 248 155\" fill=\"none\">\n                <rect x=\"176.828\" y=\"1.75159\" width=\"71.1749\" height=\"152.373\" fill=\"#CC553B\"\/>\n                <path d=\"M233.726 10.1645C234.192 10.7208 234.425 14.8236 235.206 15.7275C238.411 19.5521 241.918 22.6118 245.164 26.2973L245.164 36.2167L248 45.5942L245.164 59.328L247.945 62.9788C246.301 70.0022 247.466 76.3301 247.37 83.0754C247.329 85.4744 245.945 88.1864 245.89 90.4464C245.548 105.78 248.507 138.323 240.096 143.539C212.288 160.784 161.215 151.707 131.229 151.916C100.09 153.572 79.5353 150.959 48.9327 149.707C40.4533 149.36 16.2201 155.047 10.4257 147.503C5.30239 140.827 0.439392 118.401 0.0284349 104.076C-0.286632 93.0193 2.11062 83.3882 2.57637 72.8184C4.02842 39.4053 -0.218139 7.79028 17.2475 2.54015C40.5919 -0.45668 81.1839 6.72029 97.3094 2.54015C119.552 0.647478 185.083 -0.783719 224 5.19251C227.562 5.74881 230.452 6.23549 233.74 10.0949L233.726 10.1645Z\"\n                      fill=\"#CC553B\"\/>\n            <\/svg>\n        <\/div>\n        <div class=\"\">\n            <h3 class=\"event-card__title\"\n                aria-label=\"Titel der Veranstaltung\">1, 2, 3... Musik! Karaok'ELLES<\/h3>\n                            <p class=\"event-card__schedule\" aria-label=\"Auszug aus der Veranstaltung\">\n                                            Um 18:00 Uhr\n                                    <\/p>\n                        <p class=\"event-card__excerpt\"\n               aria-label=\"Auszug aus der Veranstaltung\">Ein Mikrofon, Freundinnen und die Freiheit zu gl\u00e4nzen! Begleite uns auf einem Karaoke-Abend...<\/p>\n        <\/div>\n    <\/div>\n    <div class=\"event-card__column\">\n        <div class=\"\">\n            <div class=\"event-card__date\" aria-label=\"Datum der Veranstaltung\">\n                <p>Dienstag<\/p>\n                <p>28 Apr.<\/p>\n                <p>2026<\/p>\n            <\/div>\n            <svg xmlns=\"http:\/\/www.w3.org\/2000\/svg\" width=\"164\" height=\"83\" viewbox=\"0 0 164 83\" fill=\"none\">\n                <rect x=\"116.93\" y=\"0.594971\" width=\"47.0664\" height=\"82.4051\" fill=\"#2F5597\"\/>\n                <path d=\"M154.558 5.1447C154.866 5.44556 155.02 7.66439 155.536 8.15328C157.656 10.2217 159.975 11.8764 162.122 13.8695L162.122 19.2341L163.997 24.3056L162.122 31.733L163.961 33.7074C162.874 37.5057 163.644 40.928 163.58 44.5759C163.553 45.8733 162.638 47.34 162.602 48.5622C162.375 56.8546 164.332 74.4548 158.77 77.2753C140.381 86.6019 106.608 81.6928 86.7786 81.8056C66.1871 82.7013 52.595 81.2883 32.3581 80.6114C26.7509 80.4233 10.726 83.4993 6.89425 79.4189C3.50635 75.8086 0.29056 63.6803 0.0188033 55.9332C-0.189544 49.9537 1.3957 44.7451 1.7037 39.0288C2.6639 20.9585 -0.144251 3.86071 11.4054 1.02137C26.8425 -0.59935 53.6851 3.28205 64.3485 1.02137C79.0568 -0.00221147 122.391 -0.776221 148.126 2.4558C150.481 2.75666 152.393 3.01986 154.567 5.10706L154.558 5.1447Z\"\n                      fill=\"#2F5597\"\/>\n            <\/svg>\n        <\/div>\n                                    <figure class=\"event-card__thumbnail-container\">\n            <img loading=\"lazy\" decoding=\"async\" class=\"event-card__thumbnail\" src=\"https:\/\/www.carrefour-de-femmes.org\/app\/uploads\/2025\/08\/karaoke.png\" srcset=\"https:\/\/www.carrefour-de-femmes.org\/app\/uploads\/2025\/08\/karaoke.png 954w, https:\/\/www.carrefour-de-femmes.org\/app\/uploads\/2025\/08\/karaoke-300x200.png 300w, https:\/\/www.carrefour-de-femmes.org\/app\/uploads\/2025\/08\/karaoke-768x511.png 768w, https:\/\/www.carrefour-de-femmes.org\/app\/uploads\/2025\/08\/karaoke-18x12.png 18w\"\n                 sizes=\"auto, (max-width: 954px) 100vw, 954px\" alt=\"\" width=\"954\"\n                 height=\"635\"\/>\n        <\/figure>\n    <\/div>\n<\/div>                            <\/a>\n                        <\/li>\n                                                                                                                                                                    <li class=\"event-list__item\">\n                            <a href=\"https:\/\/www.carrefour-de-femmes.org\/de\/evenements\/initiatiez-vous-au-qi-jong\/\" class=\"event-list__link\"\n                               aria-label=\"Se rendre sur l'\u00e9v\u00e9n\u00e9ment : Initiatiez-vous au Qi Jong !\">\n                                <div class=\"event-card\" style=\"--svg-color: #CC553B;\">\n    <div class=\"event-card__column\">\n        <div class=\"\">\n            <div class=\"event-card__date\" aria-label=\"Datum der Veranstaltung\">\n                <p>Mittwoch<\/p>\n                <p>29 Apr.<\/p>\n                <p>2026<\/p>\n            <\/div>\n            <svg xmlns=\"http:\/\/www.w3.org\/2000\/svg\" width=\"248\" height=\"155\" viewbox=\"0 0 248 155\" fill=\"none\">\n                <rect x=\"176.828\" y=\"1.75159\" width=\"71.1749\" height=\"152.373\" fill=\"#CC553B\"\/>\n                <path d=\"M233.726 10.1645C234.192 10.7208 234.425 14.8236 235.206 15.7275C238.411 19.5521 241.918 22.6118 245.164 26.2973L245.164 36.2167L248 45.5942L245.164 59.328L247.945 62.9788C246.301 70.0022 247.466 76.3301 247.37 83.0754C247.329 85.4744 245.945 88.1864 245.89 90.4464C245.548 105.78 248.507 138.323 240.096 143.539C212.288 160.784 161.215 151.707 131.229 151.916C100.09 153.572 79.5353 150.959 48.9327 149.707C40.4533 149.36 16.2201 155.047 10.4257 147.503C5.30239 140.827 0.439392 118.401 0.0284349 104.076C-0.286632 93.0193 2.11062 83.3882 2.57637 72.8184C4.02842 39.4053 -0.218139 7.79028 17.2475 2.54015C40.5919 -0.45668 81.1839 6.72029 97.3094 2.54015C119.552 0.647478 185.083 -0.783719 224 5.19251C227.562 5.74881 230.452 6.23549 233.74 10.0949L233.726 10.1645Z\"\n                      fill=\"#CC553B\"\/>\n            <\/svg>\n        <\/div>\n        <div class=\"\">\n            <h3 class=\"event-card__title\"\n                aria-label=\"Titel der Veranstaltung\">F\u00fchren Sie sich in Qi Jong ein!<\/h3>\n                            <p class=\"event-card__schedule\" aria-label=\"Auszug aus der Veranstaltung\">\n                                            Um 14:30 Uhr\n                                    <\/p>\n                        <p class=\"event-card__excerpt\"\n               aria-label=\"Auszug aus der Veranstaltung\">Praktizieren Sie Atem\u00fcbungen mithilfe dieser chinesischen Kunst und entdecken Sie ihre zahlreichen Vorteile...<\/p>\n        <\/div>\n    <\/div>\n    <div class=\"event-card__column\">\n        <div class=\"\">\n            <div class=\"event-card__date\" aria-label=\"Datum der Veranstaltung\">\n                <p>Mittwoch<\/p>\n                <p>29 Apr.<\/p>\n                <p>2026<\/p>\n            <\/div>\n            <svg xmlns=\"http:\/\/www.w3.org\/2000\/svg\" width=\"164\" height=\"83\" viewbox=\"0 0 164 83\" fill=\"none\">\n                <rect x=\"116.93\" y=\"0.594971\" width=\"47.0664\" height=\"82.4051\" fill=\"#2F5597\"\/>\n                <path d=\"M154.558 5.1447C154.866 5.44556 155.02 7.66439 155.536 8.15328C157.656 10.2217 159.975 11.8764 162.122 13.8695L162.122 19.2341L163.997 24.3056L162.122 31.733L163.961 33.7074C162.874 37.5057 163.644 40.928 163.58 44.5759C163.553 45.8733 162.638 47.34 162.602 48.5622C162.375 56.8546 164.332 74.4548 158.77 77.2753C140.381 86.6019 106.608 81.6928 86.7786 81.8056C66.1871 82.7013 52.595 81.2883 32.3581 80.6114C26.7509 80.4233 10.726 83.4993 6.89425 79.4189C3.50635 75.8086 0.29056 63.6803 0.0188033 55.9332C-0.189544 49.9537 1.3957 44.7451 1.7037 39.0288C2.6639 20.9585 -0.144251 3.86071 11.4054 1.02137C26.8425 -0.59935 53.6851 3.28205 64.3485 1.02137C79.0568 -0.00221147 122.391 -0.776221 148.126 2.4558C150.481 2.75666 152.393 3.01986 154.567 5.10706L154.558 5.1447Z\"\n                      fill=\"#2F5597\"\/>\n            <\/svg>\n        <\/div>\n                                    <figure class=\"event-card__thumbnail-container\">\n            <img loading=\"lazy\" decoding=\"async\" class=\"event-card__thumbnail\" src=\"https:\/\/www.carrefour-de-femmes.org\/app\/uploads\/2026\/03\/full-shot-women-practising-tai-chi-together-scaled.jpg\" srcset=\"https:\/\/www.carrefour-de-femmes.org\/app\/uploads\/2026\/03\/full-shot-women-practising-tai-chi-together-scaled.jpg 2560w, https:\/\/www.carrefour-de-femmes.org\/app\/uploads\/2026\/03\/full-shot-women-practising-tai-chi-together-300x200.jpg 300w, https:\/\/www.carrefour-de-femmes.org\/app\/uploads\/2026\/03\/full-shot-women-practising-tai-chi-together-1024x681.jpg 1024w, https:\/\/www.carrefour-de-femmes.org\/app\/uploads\/2026\/03\/full-shot-women-practising-tai-chi-together-768x511.jpg 768w, https:\/\/www.carrefour-de-femmes.org\/app\/uploads\/2026\/03\/full-shot-women-practising-tai-chi-together-1536x1022.jpg 1536w, https:\/\/www.carrefour-de-femmes.org\/app\/uploads\/2026\/03\/full-shot-women-practising-tai-chi-together-2048x1363.jpg 2048w, https:\/\/www.carrefour-de-femmes.org\/app\/uploads\/2026\/03\/full-shot-women-practising-tai-chi-together-18x12.jpg 18w\"\n                 sizes=\"auto, (max-width: 2560px) 100vw, 2560px\" alt=\"\" width=\"2560\"\n                 height=\"1703\"\/>\n        <\/figure>\n    <\/div>\n<\/div>                            <\/a>\n                        <\/li>\n                                    <\/ul>\n            <\/section>\n            <\/div><\/div><\/div><\/div>","protected":false},"excerpt":{"rendered":"","protected":false},"author":1,"featured_media":0,"parent":0,"menu_order":16,"comment_status":"closed","ping_status":"closed","template":"hub-page","meta":{"_acf_changed":false,"_uag_custom_page_level_css":"","footnotes":""},"class_list":["post-12","page","type-page","status-publish","hentry"],"acf":[],"uagb_featured_image_src":{"full":false,"thumbnail":false,"medium":false,"medium_large":false,"large":false,"1536x1536":false,"2048x2048":false,"trp-custom-language-flag":false,"gform-image-choice-sm":false,"gform-image-choice-md":false,"gform-image-choice-lg":false},"uagb_author_info":{"display_name":"mentalworks","author_link":"https:\/\/www.carrefour-de-femmes.org\/de\/actualites\/author\/mentalworks\/"},"uagb_comment_info":0,"uagb_excerpt":null,"_links":{"self":[{"href":"https:\/\/www.carrefour-de-femmes.org\/de\/wp-json\/wp\/v2\/pages\/12","targetHints":{"allow":["GET"]}}],"collection":[{"href":"https:\/\/www.carrefour-de-femmes.org\/de\/wp-json\/wp\/v2\/pages"}],"about":[{"href":"https:\/\/www.carrefour-de-femmes.org\/de\/wp-json\/wp\/v2\/types\/page"}],"author":[{"embeddable":true,"href":"https:\/\/www.carrefour-de-femmes.org\/de\/wp-json\/wp\/v2\/users\/1"}],"replies":[{"embeddable":true,"href":"https:\/\/www.carrefour-de-femmes.org\/de\/wp-json\/wp\/v2\/comments?post=12"}],"version-history":[{"count":17,"href":"https:\/\/www.carrefour-de-femmes.org\/de\/wp-json\/wp\/v2\/pages\/12\/revisions"}],"predecessor-version":[{"id":1857,"href":"https:\/\/www.carrefour-de-femmes.org\/de\/wp-json\/wp\/v2\/pages\/12\/revisions\/1857"}],"wp:attachment":[{"href":"https:\/\/www.carrefour-de-femmes.org\/de\/wp-json\/wp\/v2\/media?parent=12"}],"curies":[{"name":"wp","href":"https:\/\/api.w.org\/{rel}","templated":true}]}}