{"id":553,"date":"2025-03-06T17:13:30","date_gmt":"2025-03-06T16:13:30","guid":{"rendered":"https:\/\/www.carrefour-de-femmes.org\/?page_id=553"},"modified":"2025-07-03T14:22:26","modified_gmt":"2025-07-03T13:22:26","slug":"%d8%a7%d9%84%d8%b5%d8%ad%d8%a9-%d9%88%d8%a7%d9%84%d8%ac%d9%86%d8%b3","status":"publish","type":"page","link":"https:\/\/www.carrefour-de-femmes.org\/ar\/sante-et-sexualite\/","title":{"rendered":"\u0627\u0644\u0635\u062d\u0629 \u0648\u0627\u0644\u062c\u0646\u0633"},"content":{"rendered":"<h3 class=\"wp-block-heading\">\u0627\u0644\u0639\u0646\u0627\u064a\u0629 \u0628\u0635\u062d\u062a\u0643 \u0648\u062c\u0633\u0645\u0643 \u0623\u0645\u0631 \u0636\u0631\u0648\u0631\u064a.<\/h3>\n\n\n\n<p><strong>\u0647\u0644 \u0644\u062f\u064a\u0643 \u0623\u064a \u0623\u0633\u0626\u0644\u0629 \u062d\u0648\u0644 \u0627\u0644\u0635\u062d\u0629 \u0623\u0648 \u0627\u0644\u062d\u064a\u0627\u0629 \u0627\u0644\u062c\u0646\u0633\u064a\u0629\u061f<\/strong> (\u0645\u0646\u0639 \u0627\u0644\u062d\u0645\u0644\u060c \u0648\u0627\u0644\u0625\u0646\u0647\u0627\u0621 \u0627\u0644\u0627\u062e\u062a\u064a\u0627\u0631\u064a \u0644\u0644\u062d\u0645\u0644\u060c \u0648\u0627\u0644\u062d\u064a\u0636\u060c \u0648\u0627\u0644\u0623\u0645\u0631\u0627\u0636 \u0627\u0644\u0646\u0633\u0627\u0626\u064a\u0629 \u0645\u062b\u0644 \u0628\u0637\u0627\u0646\u0629 \u0627\u0644\u0631\u062d\u0645 \u0627\u0644\u0645\u0647\u0627\u062c\u0631\u0629 \u0648\u0627\u0644\u0633\u0631\u0637\u0627\u0646\u060c \u0648\u0645\u0627 \u0625\u0644\u0649 \u0630\u0644\u0643)<\/p>\n\n\n\n<p>\u0644\u0627 \u062a\u062a\u0631\u062f\u062f\u064a \u0641\u064a \u0627\u0644\u0642\u062f\u0648\u0645 \u0644\u0645\u0642\u0627\u0628\u0644\u062a\u0646\u0627 \u0641\u064a \u0643\u0627\u0631\u0641\u0648\u0631 \u062f\u064a \u0641\u064a\u0645 \u0623\u0648 \u0627\u0644\u0627\u062a\u0635\u0627\u0644 \u0628\u0646\u0627. \u0633\u0646\u0642\u0648\u0645 \u0645\u0639\u064b\u0627 \u0628\u062a\u0642\u064a\u064a\u0645 \u0648\u0636\u0639\u0643 \u0648\u062a\u0648\u062c\u064a\u0647\u0643 \u0625\u0644\u0649 \u0627\u0644\u0645\u062a\u062e\u0635\u0635\u064a\u0646 \u0641\u064a \u0627\u0644\u0645\u0646\u0637\u0642\u0629 \u0627\u0644\u0630\u064a\u0646 \u064a\u0645\u0643\u0646\u0647\u0645 \u0645\u0633\u0627\u0639\u062f\u062a\u0643 \u0648\u0641\u0642\u064b\u0627 \u0644\u0627\u062d\u062a\u064a\u0627\u062c\u0627\u062a\u0643.<\/p>\n\n\n\n<div class=\"wp-block-uagb-image uagb-block-3010abb8 wp-block-uagb-image--layout-default wp-block-uagb-image--effect-static wp-block-uagb-image--align-none\"><figure class=\"wp-block-uagb-image__figure\"><img decoding=\"async\" srcset=\"https:\/\/www.carrefour-de-femmes.org\/app\/uploads\/2025\/03\/top-view-period-stuff-1-1024x683.jpg ,https:\/\/www.carrefour-de-femmes.org\/app\/uploads\/2025\/03\/top-view-period-stuff-1-scaled.jpg 780w, https:\/\/www.carrefour-de-femmes.org\/app\/uploads\/2025\/03\/top-view-period-stuff-1-scaled.jpg 360w\" sizes=\"auto, (max-width: 480px) 150px\" src=\"https:\/\/www.carrefour-de-femmes.org\/app\/uploads\/2025\/03\/top-view-period-stuff-1-1024x683.jpg\" alt=\"\" class=\"uag-image-1186\" width=\"463\" height=\"309\" title=\"\u0623\u0639\u0644\u0649 \u0639\u0631\u0636-\u0639\u0631\u0636-\u0641\u062a\u0631\u0629-\u0627\u0644\u0623\u0634\u064a\u0627\u0621 (1)\" loading=\"lazy\" role=\"img\"\/><\/figure><\/div>\n\n\n\n<h2 class=\"wp-block-heading\">\u0627\u0644\u0625\u0636\u0627\u0641\u0627\u062a \u0627\u0644\u0635\u063a\u064a\u0631\u0629<\/h2>\n\n\n\n<h4 class=\"wp-block-heading\"><strong>\u0646\u062d\u0646 \u0641\u064a \u0643\u0627\u0631\u0641\u0648\u0631 \u062f\u064a \u0641\u064a\u0645\u0632 \u0646\u0643\u0627\u0641\u062d \u0641\u064a \u0643\u0627\u0631\u0641\u0648\u0631 \u062f\u064a \u0641\u064a\u0645\u0632 \u0636\u062f \u0647\u0634\u0627\u0634\u0629 \u0627\u0644\u062f\u0648\u0631\u0629 \u0627\u0644\u0634\u0647\u0631\u064a\u0629\u060c \u0648\u0644\u062f\u064a\u0646\u0627 \u0641\u064a \u062d\u0645\u0627\u0645\u0627\u062a\u0646\u0627 \u0645\u0648\u0632\u0639\u064a\u0646 \u0644\u0644\u0648\u0642\u0627\u064a\u0629 \u0627\u0644\u0635\u062d\u064a\u0629 (\u0639\u0636\u0648\u064a \u0648\u0641\u0631\u0646\u0633\u064a \u0645\u0646 \u0623\u062c\u0644 \u0627\u062d\u062a\u0631\u0627\u0645 \u0623\u062c\u0633\u0627\u062f\u0646\u0627 \u0648\u0627\u0644\u0628\u064a\u0626\u0629) \u0648\u0647\u0645\u0627 \u0645\u062c\u0627\u0646\u064a\u0627\u0646 \u062a\u0645\u0627\u0645\u0627\u064b \u0648\u0645\u062a\u0627\u062d\u0627\u0646 \u0644\u0643\u0650. \u0648\u0625\u0630\u0627 \u0643\u0646\u062a\u0650 \u0628\u062d\u0627\u062c\u0629 \u0625\u0644\u0649 \u0632\u062c\u0627\u062c\u0629 \u0645\u0627\u0621 \u0633\u0627\u062e\u0646 \u062e\u0644\u0627\u0644 \u0641\u062a\u0631\u0629 \u062a\u0648\u0627\u062c\u062f\u0643 \u0641\u064a \u0643\u0627\u0631\u0641\u0648\u0631 \u062f\u064a \u0641\u064a\u0645\u0633\u060c \u064a\u0645\u0643\u0646\u0646\u0627 \u0623\u0646 \u0646\u0639\u064a\u0631\u0643 \u0648\u0627\u062d\u062f\u0629.<\/strong><\/h4>\n\n\n\n<p><\/p>\n\n\n<div class=\"color-blocks\">\n            <div class=\"color-blocks__item\"\n             style=\"--text-color: #ffffff; background-color: #c95c47;\">\n            <p><strong>\u0645\u0641\u062a\u0648\u062d \u0645\u0646 \u0627\u0644\u0623\u0631\u0628\u0639\u0627\u0621 \u0625\u0644\u0649 \u0627\u0644\u062c\u0645\u0639\u0629 \u0628\u062f\u0648\u0646 \u062a\u0648\u0642\u0641 \u0645\u0646 \u0627\u0644\u0633\u0627\u0639\u0629 10 \u0635\u0628\u0627\u062d\u0627\u064b \u0625\u0644\u0649 6:30 \u0645\u0633\u0627\u0621\u064b!<\/strong><\/p>\n\n        <\/div>\n    <\/div>","protected":false},"excerpt":{"rendered":"<p>Prendre soin de sa sant\u00e9 et de son corps, c\u2019est primordial\/indispensable. Vous avez des questions sur la sant\u00e9, la sexualit\u00e9\u00a0? (moyens de contraception, interruption volontaire de grossesse, r\u00e8gles, maladies f\u00e9minines comme l&rsquo;endom\u00e9triose, les cancers&#8230;) N\u2019h\u00e9sitez pas \u00e0 venir nous rencontrer \u00e0 Carrefour de femmes ou nous contacter, ensemble nous ferons le point sur votre situation [&hellip;]<\/p>\n","protected":false},"author":3,"featured_media":0,"parent":0,"menu_order":34,"comment_status":"closed","ping_status":"closed","template":"","meta":{"_acf_changed":false,"_uag_custom_page_level_css":"","footnotes":""},"class_list":["post-553","page","type-page","status-publish","hentry"],"acf":[],"uagb_featured_image_src":{"full":false,"thumbnail":false,"medium":false,"medium_large":false,"large":false,"1536x1536":false,"2048x2048":false,"trp-custom-language-flag":false,"gform-image-choice-sm":false,"gform-image-choice-md":false,"gform-image-choice-lg":false},"uagb_author_info":{"display_name":"Sheryll Presna","author_link":"https:\/\/www.carrefour-de-femmes.org\/ar\/actualites\/author\/s-presna\/"},"uagb_comment_info":0,"uagb_excerpt":"Prendre soin de sa sant\u00e9 et de son corps, c\u2019est primordial\/indispensable. Vous avez des questions sur la sant\u00e9, la sexualit\u00e9\u00a0? (moyens de contraception, interruption volontaire de grossesse, r\u00e8gles, maladies f\u00e9minines comme l&rsquo;endom\u00e9triose, les cancers&#8230;) N\u2019h\u00e9sitez pas \u00e0 venir nous rencontrer \u00e0 Carrefour de femmes ou nous contacter, ensemble nous ferons le point sur votre situation&hellip;","_links":{"self":[{"href":"https:\/\/www.carrefour-de-femmes.org\/ar\/wp-json\/wp\/v2\/pages\/553","targetHints":{"allow":["GET"]}}],"collection":[{"href":"https:\/\/www.carrefour-de-femmes.org\/ar\/wp-json\/wp\/v2\/pages"}],"about":[{"href":"https:\/\/www.carrefour-de-femmes.org\/ar\/wp-json\/wp\/v2\/types\/page"}],"author":[{"embeddable":true,"href":"https:\/\/www.carrefour-de-femmes.org\/ar\/wp-json\/wp\/v2\/users\/3"}],"replies":[{"embeddable":true,"href":"https:\/\/www.carrefour-de-femmes.org\/ar\/wp-json\/wp\/v2\/comments?post=553"}],"version-history":[{"count":10,"href":"https:\/\/www.carrefour-de-femmes.org\/ar\/wp-json\/wp\/v2\/pages\/553\/revisions"}],"predecessor-version":[{"id":1447,"href":"https:\/\/www.carrefour-de-femmes.org\/ar\/wp-json\/wp\/v2\/pages\/553\/revisions\/1447"}],"wp:attachment":[{"href":"https:\/\/www.carrefour-de-femmes.org\/ar\/wp-json\/wp\/v2\/media?parent=553"}],"curies":[{"name":"wp","href":"https:\/\/api.w.org\/{rel}","templated":true}]}}