{"id":551,"date":"2025-02-28T12:07:40","date_gmt":"2025-02-28T11:07:40","guid":{"rendered":"https:\/\/www.carrefour-de-femmes.org\/?page_id=551"},"modified":"2025-07-03T14:18:54","modified_gmt":"2025-07-03T13:18:54","slug":"%d8%a7%d9%84%d9%88%d8%b8%d9%8a%d9%81%d8%a9-%d9%88%d8%a7%d9%84%d8%aa%d9%88%d8%ac%d9%8a%d9%87-%d8%a7%d9%84%d9%85%d9%87%d9%86%d9%8a","status":"publish","type":"page","link":"https:\/\/www.carrefour-de-femmes.org\/ar\/accueil\/carriere-et-orientation\/","title":{"rendered":"\u0627\u0644\u062d\u064a\u0627\u0629 \u0627\u0644\u0645\u0647\u0646\u064a\u0629 \u0648\u0627\u0644\u062a\u0648\u062c\u064a\u0647"},"content":{"rendered":"<h3 class=\"wp-block-heading\">\u0644\u0627 \u064a\u0632\u0627\u0644 \u0627\u0644\u062d\u062f \u0645\u0646 \u0623\u0648\u062c\u0647 \u0639\u062f\u0645 \u0627\u0644\u0645\u0633\u0627\u0648\u0627\u0629 \u0628\u064a\u0646 \u0627\u0644\u0646\u0633\u0627\u0621 \u0648\u0627\u0644\u0631\u062c\u0627\u0644 \u0641\u064a \u0645\u0643\u0627\u0646 \u0627\u0644\u0639\u0645\u0644 \u0645\u0639\u0631\u0643\u0629 \u0648\u0623\u0648\u0644\u0648\u064a\u0629 \u062d\u062a\u0649 \u0644\u0648 \u062a\u0645 \u0625\u062d\u0631\u0627\u0632 \u062a\u0642\u062f\u0645 \u0641\u064a \u0647\u0630\u0627 \u0627\u0644\u0645\u062c\u0627\u0644.<\/h3>\n\n\n\n<p>\u0648\u0645\u0639 \u0630\u0644\u0643\u060c \u0641\u0625\u0646 \u0645\u0639\u062f\u0644 \u062a\u0648\u0638\u064a\u0641 \u0627\u0644\u0645\u0631\u0623\u0629 \u0623\u0642\u0644 \u0645\u0646 \u0645\u0639\u062f\u0644 \u062a\u0648\u0638\u064a\u0641 \u0627\u0644\u0631\u062c\u0644\u060c \u0648\u0644\u0627 \u062a\u0632\u0627\u0644 \u0627\u0644\u0641\u062c\u0648\u0629 \u0641\u064a \u0627\u0644\u0623\u062c\u0648\u0631 \u0642\u0627\u0626\u0645\u0629 (\u062d\u0648\u0627\u0644\u064a 14.11 \u062a\u064a\u0631\u0627\u0628\u0627\u064a\u062a \u0641\u064a \u0627\u0644\u0642\u0637\u0627\u0639 \u0627\u0644\u062e\u0627\u0635 \u0641\u064a \u0639\u0627\u0645 2022)\u060c \u0648\u0627\u0644\u0648\u0635\u0648\u0644 \u0625\u0644\u0649 \u0645\u0646\u0627\u0635\u0628 \u0627\u0644\u0645\u0633\u0624\u0648\u0644\u064a\u0629 \u063a\u064a\u0631 \u0645\u062a\u0643\u0627\u0641\u0626\u060c \u0625\u0644\u062e. \u0644\u0645\u0633\u0627\u0639\u062f\u062a\u0643 \u0641\u064a \u0645\u0634\u0631\u0648\u0639\u0643\u060c \u064a\u062a\u0648\u0641\u0631 \u0639\u062f\u062f \u0645\u0646 \u0627\u0644\u0634\u0631\u0643\u0627\u0621 \u0627\u0644\u0645\u0624\u0633\u0633\u064a\u064a\u0646 \u0648\u0627\u0644\u062c\u0645\u0639\u064a\u0627\u062a \u0641\u064a \u062c\u0645\u064a\u0639 \u0623\u0646\u062d\u0627\u0621 \u0627\u0644\u0645\u0646\u0637\u0642\u0629.<\/p>\n\n\n\n<p>\u0647\u0644 \u0644\u062f\u064a\u0643 \u0623\u064a \u0623\u0633\u0626\u0644\u0629 \u062d\u0648\u0644 \u0631\u064a\u0627\u062f\u0629 \u0627\u0644\u0623\u0639\u0645\u0627\u0644 \u0623\u0648 \u0627\u0644\u0627\u0646\u062f\u0645\u0627\u062c \u0627\u0644\u0627\u062c\u062a\u0645\u0627\u0639\u064a \u0648\u0627\u0644\u0645\u0647\u0646\u064a \u0623\u0648 \u0627\u0644\u062a\u062f\u0631\u064a\u0628\u061f <\/p>\n\n\n\n<p>\u0647\u0644 \u062a\u062d\u062a\u0627\u062c \u0625\u0644\u0649 \u0645\u0633\u0627\u0639\u062f\u0629 \u0641\u064a \u0643\u062a\u0627\u0628\u0629 \u0633\u064a\u0631\u062a\u0643 \u0627\u0644\u0630\u0627\u062a\u064a\u0629\u061f<\/p>\n\n\n\n<p>\u062a\u0639\u0627\u0644 \u0648\u0642\u0627\u0628\u0644\u0646\u0627 \u0641\u064a \u0643\u0627\u0631\u0641\u0648\u0631 \u062f\u064a \u0641\u064a\u0645\u0632. \u0633\u0646\u062e\u0628\u0631\u0643 \u0639\u0646 \u0627\u0644\u0645\u062e\u0637\u0637\u0627\u062a \u0627\u0644\u062d\u0627\u0644\u064a\u0629 \u0648\u0633\u0646\u0636\u0639\u0643 \u0639\u0644\u0649 \u0627\u062a\u0635\u0627\u0644 \u0628\u0627\u0644\u0634\u0631\u0643\u0627\u0621 \u0627\u0644\u0645\u062d\u0644\u064a\u064a\u0646.<\/p>\n\n\n\n<p>\u064a\u0645\u0643\u0646\u0646\u0627 \u0623\u064a\u0636\u0627\u064b \u0646\u0634\u0631 \u0633\u064a\u0631\u062a\u0643 \u0627\u0644\u0630\u0627\u062a\u064a\u0629 \u0639\u0628\u0631 \u0634\u0628\u0643\u062a\u0646\u0627!<\/p>\n\n\n\n<div class=\"wp-block-uagb-image uagb-block-e16ceba8 wp-block-uagb-image--layout-default wp-block-uagb-image--effect-static wp-block-uagb-image--align-none\"><figure class=\"wp-block-uagb-image__figure\"><img decoding=\"async\" srcset=\"https:\/\/www.carrefour-de-femmes.org\/app\/uploads\/2025\/03\/woman-therapy-session-attentive-psychologist-attentive-psychologist-holding-pencil-her-hands-making-written-notes-while-listening-her-client-1024x683.jpg ,https:\/\/www.carrefour-de-femmes.org\/app\/uploads\/2025\/03\/woman-therapy-session-attentive-psychologist-attentive-psychologist-holding-pencil-her-hands-making-written-notes-while-listening-her-client-scaled.jpg 780w, https:\/\/www.carrefour-de-femmes.org\/app\/uploads\/2025\/03\/woman-therapy-session-attentive-psychologist-attentive-psychologist-holding-pencil-her-hands-making-written-notes-while-listening-her-client-scaled.jpg 360w\" sizes=\"auto, (max-width: 480px) 150px\" src=\"https:\/\/www.carrefour-de-femmes.org\/app\/uploads\/2025\/03\/woman-therapy-session-attentive-psychologist-attentive-psychologist-holding-pencil-her-hands-making-written-notes-while-listening-her-client-1024x683.jpg\" alt=\"\" class=\"uag-image-1081\" width=\"513\" height=\"320\" title=\"\u0627\u0645\u0631\u0623\u0629 \u0641\u064a \u062c\u0644\u0633\u0629 \u0639\u0644\u0627\u062c \u0646\u0641\u0633\u064a \u0623\u062e\u0635\u0627\u0626\u064a\u0629 \u0646\u0641\u0633\u064a\u0629 \u064a\u0642\u0638\u0629. \u0623\u062e\u0635\u0627\u0626\u064a\u0629 \u0646\u0641\u0633\u064a\u0629 \u064a\u0642\u0638\u0629 \u062a\u062d\u0645\u0644 \u0642\u0644\u0645 \u0631\u0635\u0627\u0635 \u0641\u064a \u064a\u062f\u064a\u0647\u0627 \u062a\u062f\u0648\u0646 \u0645\u0644\u0627\u062d\u0638\u0627\u062a \u0645\u0643\u062a\u0648\u0628\u0629 \u0623\u062b\u0646\u0627\u0621 \u0627\u0644\u0627\u0633\u062a\u0645\u0627\u0639 \u0625\u0644\u0649 \u0639\u0645\u064a\u0644\u0647\u0627\" loading=\"lazy\" role=\"img\"\/><\/figure><\/div>\n\n\n\n<h2 class=\"wp-block-heading\">\u0627\u0644\u0625\u0636\u0627\u0641\u0627\u062a \u0627\u0644\u0635\u063a\u064a\u0631\u0629<\/h2>\n\n\n\n<h4 class=\"wp-block-heading\">\u064a\u0645\u0643\u0646\u0643 \u0627\u0644\u0642\u062f\u0648\u0645 \u0625\u0644\u0649 \u0643\u0627\u0631\u0641\u0648\u0631 \u062f\u064a \u0641\u064a\u0645\u0632 (\u0628\u0645\u0641\u0631\u062f\u0643 \u0623\u0648 \u0645\u0639 \u0623\u0635\u062f\u0642\u0627\u0626\u0643) \u0644\u0644\u0639\u0645\u0644 \u0639\u0644\u0649 \u062e\u0637\u0629 \u062d\u064a\u0627\u062a\u0643 \u0627\u0644\u0645\u0647\u0646\u064a\u0629: \u0644\u062f\u064a\u0646\u0627 \u062e\u062f\u0645\u0629 \u0627\u0644\u0625\u0646\u062a\u0631\u0646\u062a \u0627\u0644\u0645\u062c\u0627\u0646\u064a\u0629 \u0648\u062c\u0647\u0627\u0632 \u0643\u0645\u0628\u064a\u0648\u062a\u0631 \u0639\u0646\u062f \u0627\u0644\u0637\u0644\u0628.<\/h4>\n\n\n<div class=\"color-blocks\">\n            <div class=\"color-blocks__item\"\n             style=\"--text-color: #ffffff; background-color: #c95c47;\">\n            <p><strong>\u0645\u0641\u062a\u0648\u062d \u0645\u0646 \u0627\u0644\u0623\u0631\u0628\u0639\u0627\u0621 \u0625\u0644\u0649 \u0627\u0644\u062c\u0645\u0639\u0629 \u0628\u062f\u0648\u0646 \u062a\u0648\u0642\u0641 \u0645\u0646 \u0627\u0644\u0633\u0627\u0639\u0629 10 \u0635\u0628\u0627\u062d\u0627\u064b \u0625\u0644\u0649 6:30 \u0645\u0633\u0627\u0621\u064b!<\/strong><\/p>\n\n        <\/div>\n    <\/div>","protected":false},"excerpt":{"rendered":"<p>R\u00e9duire les in\u00e9galit\u00e9s entre les femmes et les hommes en milieu professionnel reste un combat, une priorit\u00e9 m\u00eame si des progr\u00e8s ont \u00e9t\u00e9 r\u00e9alis\u00e9s dans ce domaine. Pourtant, le taux d\u2019emploi des femmes est plus faible que celui des hommes, les \u00e9carts de r\u00e9mun\u00e9ration persistent (environ 14,1% dans le secteur priv\u00e9 en 2022), l\u2019acc\u00e8s aux [&hellip;]<\/p>\n","protected":false},"author":3,"featured_media":0,"parent":8,"menu_order":13,"comment_status":"closed","ping_status":"closed","template":"","meta":{"_acf_changed":false,"_uag_custom_page_level_css":"","footnotes":""},"class_list":["post-551","page","type-page","status-publish","hentry"],"acf":[],"uagb_featured_image_src":{"full":false,"thumbnail":false,"medium":false,"medium_large":false,"large":false,"1536x1536":false,"2048x2048":false,"trp-custom-language-flag":false,"gform-image-choice-sm":false,"gform-image-choice-md":false,"gform-image-choice-lg":false},"uagb_author_info":{"display_name":"Sheryll Presna","author_link":"https:\/\/www.carrefour-de-femmes.org\/ar\/actualites\/author\/s-presna\/"},"uagb_comment_info":0,"uagb_excerpt":"R\u00e9duire les in\u00e9galit\u00e9s entre les femmes et les hommes en milieu professionnel reste un combat, une priorit\u00e9 m\u00eame si des progr\u00e8s ont \u00e9t\u00e9 r\u00e9alis\u00e9s dans ce domaine. Pourtant, le taux d\u2019emploi des femmes est plus faible que celui des hommes, les \u00e9carts de r\u00e9mun\u00e9ration persistent (environ 14,1% dans le secteur priv\u00e9 en 2022), l\u2019acc\u00e8s aux&hellip;","_links":{"self":[{"href":"https:\/\/www.carrefour-de-femmes.org\/ar\/wp-json\/wp\/v2\/pages\/551","targetHints":{"allow":["GET"]}}],"collection":[{"href":"https:\/\/www.carrefour-de-femmes.org\/ar\/wp-json\/wp\/v2\/pages"}],"about":[{"href":"https:\/\/www.carrefour-de-femmes.org\/ar\/wp-json\/wp\/v2\/types\/page"}],"author":[{"embeddable":true,"href":"https:\/\/www.carrefour-de-femmes.org\/ar\/wp-json\/wp\/v2\/users\/3"}],"replies":[{"embeddable":true,"href":"https:\/\/www.carrefour-de-femmes.org\/ar\/wp-json\/wp\/v2\/comments?post=551"}],"version-history":[{"count":11,"href":"https:\/\/www.carrefour-de-femmes.org\/ar\/wp-json\/wp\/v2\/pages\/551\/revisions"}],"predecessor-version":[{"id":1445,"href":"https:\/\/www.carrefour-de-femmes.org\/ar\/wp-json\/wp\/v2\/pages\/551\/revisions\/1445"}],"up":[{"embeddable":true,"href":"https:\/\/www.carrefour-de-femmes.org\/ar\/wp-json\/wp\/v2\/pages\/8"}],"wp:attachment":[{"href":"https:\/\/www.carrefour-de-femmes.org\/ar\/wp-json\/wp\/v2\/media?parent=551"}],"curies":[{"name":"wp","href":"https:\/\/api.w.org\/{rel}","templated":true}]}}