{"id":1163,"date":"2025-03-07T15:16:30","date_gmt":"2025-03-07T14:16:30","guid":{"rendered":"https:\/\/www.carrefour-de-femmes.org\/?page_id=1163"},"modified":"2025-03-07T15:58:57","modified_gmt":"2025-03-07T14:58:57","slug":"%d8%a7%d9%84%d8%aa%d9%86%d9%85%d9%8a%d8%a9-%d8%a7%d9%84%d8%b4%d8%ae%d8%b5%d9%8a%d8%a9","status":"publish","type":"page","link":"https:\/\/www.carrefour-de-femmes.org\/ar\/developpement-personnel\/","title":{"rendered":"\u0627\u0644\u062a\u0646\u0645\u064a\u0629 \u0627\u0644\u0634\u062e\u0635\u064a\u0629"},"content":{"rendered":"<h3 class=\"wp-block-heading\">\u0641\u064a \u0643\u0627\u0631\u0641\u0648\u0631 \u062f\u064a \u0641\u064a\u0645\u0633\u060c \u0644\u0627 \u062a\u0648\u062c\u062f \u0645\u062d\u0631\u0645\u0627\u062a! \u0647\u0646\u0627\u060c \u064a\u0645\u0643\u0646\u0643 \u0627\u0644\u062a\u062d\u062f\u062b \u0639\u0646 \u0623\u064a \u0634\u064a\u0621 \u062a\u0631\u064a\u062f\u064a\u0646\u0647\u060c \u0648\u0642\u062a\u0645\u0627 \u062a\u0634\u0627\u0626\u064a\u0646. <\/h3>\n\n\n\n<p>\u0627\u0644\u062b\u0642\u0629 \u0628\u0627\u0644\u0646\u0641\u0633 \u0634\u064a\u0621 \u064a\u0645\u0643\u0646\u0643 \u0627\u0644\u0639\u0645\u0644 \u0639\u0644\u064a\u0647! \u0647\u0646\u0627\u060c \u064a\u0645\u0643\u0646 \u0644\u0643\u0644 \u0627\u0645\u0631\u0623\u0629 \u0623\u0646 \u062a\u062c\u062f \u0645\u0643\u0627\u0646\u064b\u0627 \u0645\u062a\u0639\u0627\u0637\u0641\u064b\u0627 \u0648\u063a\u064a\u0631 \u0645\u062a\u062d\u064a\u0632 \u0644\u0644\u062a\u062d\u062f\u062b \u0628\u062d\u0631\u064a\u0629 \u0639\u0646 \u0627\u0644\u0642\u0636\u0627\u064a\u0627 \u0627\u0644\u062a\u064a \u062a\u0647\u0645\u0647\u0627. <\/p>\n\n\n\n<p>\u064a\u062a\u0648\u0641\u0631 \u0641\u0631\u064a\u0642 \u064a\u0642\u0638 \u0644\u062a\u0642\u062f\u064a\u0645 \u0627\u0644\u062f\u0639\u0645 \u0648\u0627\u0644\u062a\u0648\u062c\u064a\u0647 \u0644\u0645\u0646 \u064a\u062d\u062a\u0627\u062c\u0648\u0646 \u0625\u0644\u064a\u0647. <strong>\u064a\u0645\u0643\u0646 \u0623\u064a\u0636\u0627\u064b \u062a\u0646\u0638\u064a\u0645 \u0648\u0631\u0634 \u0639\u0645\u0644\u060c \u0645\u0639 \u062a\u0645\u0627\u0631\u064a\u0646 \u0648\/\u0623\u0648 \u0623\u0644\u0639\u0627\u0628 \u0628\u0633\u064a\u0637\u0629 \u0641\u064a \u0645\u062a\u0646\u0627\u0648\u0644 \u0627\u0644\u062c\u0645\u064a\u0639,<\/strong> \u0644\u062a\u062a\u0639\u0644\u0645 \u0643\u064a\u0641\u064a\u0629 \u062a\u0623\u0643\u064a\u062f \u0646\u0641\u0633\u0643 \u0648\u062a\u062d\u0642\u064a\u0642 \u0623\u0642\u0635\u0649 \u0627\u0633\u062a\u0641\u0627\u062f\u0629 \u0645\u0646 \u0646\u0641\u0633\u0643!<\/p>\n\n\n\n<div class=\"wp-block-uagb-image uagb-block-3cb80e9c wp-block-uagb-image--layout-default wp-block-uagb-image--effect-static wp-block-uagb-image--align-none\"><figure class=\"wp-block-uagb-image__figure\"><img decoding=\"async\" srcset=\"https:\/\/www.carrefour-de-femmes.org\/app\/uploads\/2025\/03\/jeunne-fille-1-1024x577.png ,https:\/\/www.carrefour-de-femmes.org\/app\/uploads\/2025\/03\/jeunne-fille-1.png 780w, https:\/\/www.carrefour-de-femmes.org\/app\/uploads\/2025\/03\/jeunne-fille-1.png 360w\" sizes=\"auto, (max-width: 480px) 150px\" src=\"https:\/\/www.carrefour-de-femmes.org\/app\/uploads\/2025\/03\/jeunne-fille-1-1024x577.png\" alt=\"\" class=\"uag-image-1165\" width=\"474\" height=\"266\" title=\"\u0641\u062a\u0627\u0629 \u0635\u063a\u064a\u0631\u0629\" loading=\"lazy\" role=\"img\"\/><\/figure><\/div>\n\n\n\n<h2 class=\"wp-block-heading\">\u0627\u0644\u0625\u0636\u0627\u0641\u0627\u062a \u0627\u0644\u0635\u063a\u064a\u0631\u0629<\/h2>\n\n\n\n<h4 class=\"wp-block-heading\">\u064a\u0645\u0643\u0646\u0643 \u0627\u0644\u0642\u062f\u0648\u0645 \u0625\u0644\u0649 \u0643\u0627\u0631\u0641\u0648\u0631 \u062f\u064a \u0641\u064a\u0645\u0633 (\u0628\u0645\u0641\u0631\u062f\u0643 \u0623\u0648 \u0645\u0639 \u0635\u062f\u064a\u0642\u0627\u062a\u0643) \u0644\u0644\u062a\u062d\u062f\u062b \u0645\u0639 \u0646\u0633\u0627\u0621 \u0623\u062e\u0631\u064a\u0627\u062a \u0642\u062f \u064a\u0648\u0627\u062c\u0647\u0646 \u0646\u0641\u0633 \u0627\u0644\u0645\u0634\u0627\u0643\u0644 \u0627\u0644\u062a\u064a \u062a\u0648\u0627\u062c\u0647\u0643! \u0625\u0630\u0627 \u0643\u0627\u0646 \u0644\u062f\u064a\u0643 \u0645\u0634\u0631\u0648\u0639 \u0623\u0648 \u0627\u062d\u062a\u064a\u0627\u062c\u060c \u0644\u0627 \u062a\u062a\u0631\u062f\u062f\u064a \u0641\u064a \u0625\u062e\u0628\u0627\u0631\u0646\u0627 \u0628\u0647\u061f <\/h4>\n\n\n<div class=\"color-blocks\">\n            <div class=\"color-blocks__item\"\n             style=\"--text-color: #ffffff; background-color: #d67d2f;\">\n            <p><strong>\u0645\u0641\u062a\u0648\u062d \u0645\u0646 \u0627\u0644\u0623\u0631\u0628\u0639\u0627\u0621 \u0625\u0644\u0649 \u0627\u0644\u062c\u0645\u0639\u0629 \u0628\u062f\u0648\u0646 \u062a\u0648\u0642\u0641 \u0645\u0646 \u0627\u0644\u0633\u0627\u0639\u0629 10 \u0635\u0628\u0627\u062d\u0627\u064b \u0625\u0644\u0649 6:30 \u0645\u0633\u0627\u0621\u064b!<\/strong><\/p>\n\n        <\/div>\n    <\/div>\n\n\n<p><\/p>","protected":false},"excerpt":{"rendered":"<p>\u00c0 Carrefour de Femmes, pas de tabou ! Ici, aborde les sujets que tu veux, quand tu veux. La confiance en soi, \u00e7a se travaille ! Chaque femme trouvera ici un espace d\u2019\u00e9coute bienveillant, sans jugement, pour se confier librement sur les sujets qui lui tiennent \u00e0 c\u0153ur. Une \u00e9quipe attentive est l\u00e0 pour apporter [&hellip;]<\/p>\n","protected":false},"author":3,"featured_media":0,"parent":0,"menu_order":2,"comment_status":"closed","ping_status":"closed","template":"","meta":{"_acf_changed":false,"_uag_custom_page_level_css":"","footnotes":""},"class_list":["post-1163","page","type-page","status-publish","hentry"],"acf":[],"uagb_featured_image_src":{"full":false,"thumbnail":false,"medium":false,"medium_large":false,"large":false,"1536x1536":false,"2048x2048":false,"trp-custom-language-flag":false,"gform-image-choice-sm":false,"gform-image-choice-md":false,"gform-image-choice-lg":false},"uagb_author_info":{"display_name":"Sheryll Presna","author_link":"https:\/\/www.carrefour-de-femmes.org\/ar\/actualites\/author\/s-presna\/"},"uagb_comment_info":0,"uagb_excerpt":"\u00c0 Carrefour de Femmes, pas de tabou ! Ici, aborde les sujets que tu veux, quand tu veux. La confiance en soi, \u00e7a se travaille ! Chaque femme trouvera ici un espace d\u2019\u00e9coute bienveillant, sans jugement, pour se confier librement sur les sujets qui lui tiennent \u00e0 c\u0153ur. Une \u00e9quipe attentive est l\u00e0 pour apporter&hellip;","_links":{"self":[{"href":"https:\/\/www.carrefour-de-femmes.org\/ar\/wp-json\/wp\/v2\/pages\/1163","targetHints":{"allow":["GET"]}}],"collection":[{"href":"https:\/\/www.carrefour-de-femmes.org\/ar\/wp-json\/wp\/v2\/pages"}],"about":[{"href":"https:\/\/www.carrefour-de-femmes.org\/ar\/wp-json\/wp\/v2\/types\/page"}],"author":[{"embeddable":true,"href":"https:\/\/www.carrefour-de-femmes.org\/ar\/wp-json\/wp\/v2\/users\/3"}],"replies":[{"embeddable":true,"href":"https:\/\/www.carrefour-de-femmes.org\/ar\/wp-json\/wp\/v2\/comments?post=1163"}],"version-history":[{"count":7,"href":"https:\/\/www.carrefour-de-femmes.org\/ar\/wp-json\/wp\/v2\/pages\/1163\/revisions"}],"predecessor-version":[{"id":1202,"href":"https:\/\/www.carrefour-de-femmes.org\/ar\/wp-json\/wp\/v2\/pages\/1163\/revisions\/1202"}],"wp:attachment":[{"href":"https:\/\/www.carrefour-de-femmes.org\/ar\/wp-json\/wp\/v2\/media?parent=1163"}],"curies":[{"name":"wp","href":"https:\/\/api.w.org\/{rel}","templated":true}]}}